{"id":68,"date":"2015-08-09T13:39:18","date_gmt":"2015-08-09T11:39:18","guid":{"rendered":"http:\/\/www.eremos.eu\/?page_id=68"},"modified":"2016-11-22T16:22:12","modified_gmt":"2016-11-22T14:22:12","slug":"val-daosta","status":"publish","type":"page","link":"https:\/\/eremos.eu\/index.php\/val-daosta\/","title":{"rendered":"Val d&#8217;Aosta (3)"},"content":{"rendered":"<p>&nbsp;<\/p>\n<p><strong>EREMO DI SAN GRATO<\/strong> (Cappella-romitorio &#8211; XI-XIII secolo)<\/p>\n<p>Localit\u00e0: <strong>P\u00e9roulaz di Charvensod<\/strong> (AO)<\/p>\n<p style=\"text-align: justify;\">L\u2019eremo di San Grato, patrono di Aosta, senza dubbio il pi\u00f9 celebre della Val d\u2019Aosta \u00e8 una bianca cappella-santuario dalla caratteristica forma ottagonale, situata a 1773 metri, ai margini d\u2019un bosco di conifere e poco distante dall\u2019abitato di P\u00e9roulaz. La tradizione ci ricorda che san Grato, secondo vescovo di Aosta, allo scadere del V secolo, amava ritirarsi in quest\u2019angolo di montagna per meditare e pregare in solitudine. Tuttavia l\u2019eremo \u00e8 citato per la prima volta in documenti risalenti al XIII secolo. La cappella, che custodisce le reliquie del Santo, \u00e8 stata restaurata e ingrandita nel 1754: mentre la statua, alta circa tre metri, posta sul culmine del campanile, realizzata nel 1863, si deve all\u2019opera dello scultore Basil Thomasset. Tutt\u2019oggi, la notte del 6 Settembre (celebrazione del Santo), viene mutuata una processione, chiamata \u201croute dei giovani\u201d, che dal centro di Pila raggiunge l\u2019eremo.<\/p>\n<p><a href=\"https:\/\/eremos.eu\/wp-content\/uploads\/2015\/08\/1107.jpg\"><img loading=\"lazy\" decoding=\"async\" class=\"alignleft wp-image-4945 size-medium\" src=\"https:\/\/eremos.eu\/wp-content\/uploads\/2015\/08\/1107-300x224.jpg\" alt=\"1\" width=\"300\" height=\"224\" srcset=\"https:\/\/eremos.eu\/wp-content\/uploads\/2015\/08\/1107-300x224.jpg 300w, https:\/\/eremos.eu\/wp-content\/uploads\/2015\/08\/1107.jpg 802w\" sizes=\"auto, (max-width: 300px) 100vw, 300px\" \/><\/a><a href=\"https:\/\/eremos.eu\/wp-content\/uploads\/2015\/08\/1a16.jpg\"><img loading=\"lazy\" decoding=\"async\" class=\"wp-image-4946 size-full alignnone\" src=\"https:\/\/eremos.eu\/wp-content\/uploads\/2015\/08\/1a16.jpg\" alt=\"1a\" width=\"299\" height=\"224\" \/><\/a><\/p>\n<hr \/>\n<p><strong>EREMO DI SAINT-JULIEN<\/strong> (Cappella semirupestre &#8211; XIV secolo)<\/p>\n<p>Localit\u00e0: <strong>Fen\u00ecs<\/strong> (AO)<\/p>\n<p style=\"text-align: justify;\"><a href=\"https:\/\/eremos.eu\/wp-content\/uploads\/2015\/08\/270.jpg\"><img loading=\"lazy\" decoding=\"async\" class=\"alignright size-medium wp-image-4947\" src=\"https:\/\/eremos.eu\/wp-content\/uploads\/2015\/08\/270-300x206.jpg\" alt=\"2\" width=\"300\" height=\"206\" srcset=\"https:\/\/eremos.eu\/wp-content\/uploads\/2015\/08\/270-300x206.jpg 300w, https:\/\/eremos.eu\/wp-content\/uploads\/2015\/08\/270.jpg 450w\" sizes=\"auto, (max-width: 300px) 100vw, 300px\" \/><\/a>L\u2019eremo di San Giuliano, risalente all\u2019inizio del \u2018300, si trova abbarbicato in una cengia rocciosa del ripido promontorio che sovrasta la val Clavalit\u00e9, non molto lontano da quello di san Grato. Ma il luogo di culto, ennesimo esempio di sincretismo pagano-cristiano, \u00e8 sicuramente assai pi\u00f9 antico. Si dice, infatti, che la cappella fu edificata nello stesso punto in cui venne perpetrato il martirio di san Giuliano, un cristiano fatto prigioniero dai romani e obbligato a lavorare con gli altri schiavi nelle miniere di Mis\u00e9r\u00e8gne. Pare che a causa della fede che predicava tra i prigionieri e soprattutto tra i soldati, i romani lo abbiano condotto in cima al dirupo che domina il villaggio di Charnicloz e lo abbiano gettato di sotto. Proprio nel luogo del martirio i suoi fedeli amici costruirono una piccola cappella, murando le spoglie del Santo dietro l&#8217;altare.<\/p>\n<p><a href=\"https:\/\/eremos.eu\/wp-content\/uploads\/2015\/08\/eremo_saint-julien-11.jpg\"><img loading=\"lazy\" decoding=\"async\" class=\"alignleft wp-image-4953 size-medium\" src=\"https:\/\/eremos.eu\/wp-content\/uploads\/2015\/08\/eremo_saint-julien-11-300x199.jpg\" alt=\"eremo_saint-julien-11\" width=\"300\" height=\"199\" srcset=\"https:\/\/eremos.eu\/wp-content\/uploads\/2015\/08\/eremo_saint-julien-11-300x199.jpg 300w, https:\/\/eremos.eu\/wp-content\/uploads\/2015\/08\/eremo_saint-julien-11.jpg 760w\" sizes=\"auto, (max-width: 300px) 100vw, 300px\" \/><\/a><\/p>\n<p><a href=\"https:\/\/eremos.eu\/wp-content\/uploads\/2015\/08\/eremostjulien51.jpg\"><img loading=\"lazy\" decoding=\"async\" class=\"wp-image-4954 alignnone\" src=\"https:\/\/eremos.eu\/wp-content\/uploads\/2015\/08\/eremostjulien51-300x189.jpg\" alt=\"eremostjulien5\" width=\"316\" height=\"199\" srcset=\"https:\/\/eremos.eu\/wp-content\/uploads\/2015\/08\/eremostjulien51-300x189.jpg 300w, https:\/\/eremos.eu\/wp-content\/uploads\/2015\/08\/eremostjulien51.jpg 720w\" sizes=\"auto, (max-width: 316px) 100vw, 316px\" \/><\/a><\/p>\n<hr \/>\n<p><strong>EREMO DEL BEATO EMERICO<\/strong> (Cappella-romitorio &#8211; XIII secolo)<\/p>\n<p><a href=\"https:\/\/eremos.eu\/wp-content\/uploads\/2015\/08\/download.jpg\"><img loading=\"lazy\" decoding=\"async\" class=\"alignright size-full wp-image-4955\" src=\"https:\/\/eremos.eu\/wp-content\/uploads\/2015\/08\/download.jpg\" alt=\"download\" width=\"194\" height=\"259\" \/><\/a>Localit\u00e0: <strong>Quart<\/strong> (AO)<\/p>\n<p style=\"text-align: justify;\">L\u2019eremo del Beato Emerico \u00e8 il luogo appartato della Valsainte non molto lontano dal castello di Quart scelto da Emerico, figlio del nobile Giacomo II, per condurre una vita solitaria di contemplazione e preghiera. Di ritorno da Torino, al termine degli studi universitari di teologia, si rende ben presto conto d\u2019essere caratterialmente in aperta contrapposizione con la realt\u00e0 futile e gaudente d\u2019allora, al punto da decidere di abbandonare il castello per dedicarsi alla vita eremitica. Proprio in quel luogo, a suo ricordo, \u00e8 sorta una cappella-oratorio meta di continui pellegrinaggi. Emerico di Quart, in seguito consacrato vescovo e fautore di un\u2019opera altamente meritoria a favore della chiesa, mor\u00ec nel 1313 ma ci sono voluti oltre 500 anni per sancirne ufficialmente la santit\u00e0.<\/p>\n<hr \/>\n<p>&nbsp;<\/p>\n","protected":false},"excerpt":{"rendered":"<p>&nbsp; EREMO DI SAN GRATO (Cappella-romitorio &#8211; XI-XIII secolo) Localit\u00e0: P\u00e9roulaz di Charvensod (AO) L\u2019eremo di San Grato, patrono di Aosta, senza dubbio il pi\u00f9 celebre della Val d\u2019Aosta \u00e8 una bianca cappella-santuario dalla caratteristica forma ottagonale, situata a 1773 metri, ai margini d\u2019un bosco di conifere e poco distante&#8230;<\/p>\n","protected":false},"author":1,"featured_media":0,"parent":0,"menu_order":0,"comment_status":"open","ping_status":"closed","template":"","meta":{"footnotes":""},"class_list":["post-68","page","type-page","status-publish","hentry"],"_links":{"self":[{"href":"https:\/\/eremos.eu\/index.php\/wp-json\/wp\/v2\/pages\/68","targetHints":{"allow":["GET"]}}],"collection":[{"href":"https:\/\/eremos.eu\/index.php\/wp-json\/wp\/v2\/pages"}],"about":[{"href":"https:\/\/eremos.eu\/index.php\/wp-json\/wp\/v2\/types\/page"}],"author":[{"embeddable":true,"href":"https:\/\/eremos.eu\/index.php\/wp-json\/wp\/v2\/users\/1"}],"replies":[{"embeddable":true,"href":"https:\/\/eremos.eu\/index.php\/wp-json\/wp\/v2\/comments?post=68"}],"version-history":[{"count":5,"href":"https:\/\/eremos.eu\/index.php\/wp-json\/wp\/v2\/pages\/68\/revisions"}],"predecessor-version":[{"id":6134,"href":"https:\/\/eremos.eu\/index.php\/wp-json\/wp\/v2\/pages\/68\/revisions\/6134"}],"wp:attachment":[{"href":"https:\/\/eremos.eu\/index.php\/wp-json\/wp\/v2\/media?parent=68"}],"curies":[{"name":"wp","href":"https:\/\/api.w.org\/{rel}","templated":true}]}}